{"id":3045,"date":"2024-06-14T14:22:34","date_gmt":"2024-06-14T10:52:34","guid":{"rendered":"https:\/\/ashrafi.ca\/driving-licence\/"},"modified":"2024-12-24T23:39:25","modified_gmt":"2024-12-24T20:09:25","slug":"driving-licence","status":"publish","type":"page","link":"https:\/\/ashrafi.ca\/fr\/driving-licence\/","title":{"rendered":"Permis de conduire"},"content":{"rendered":"\t\t<div data-elementor-type=\"wp-page\" data-elementor-id=\"3045\" class=\"elementor elementor-3045\" data-elementor-post-type=\"page\">\n\t\t\t\t\t\t<section class=\"elementor-section elementor-top-section elementor-element elementor-element-fcd6665 elementor-section-boxed elementor-section-height-default elementor-section-height-default\" data-id=\"fcd6665\" data-element_type=\"section\">\n\t\t\t\t\t\t<div class=\"elementor-container elementor-column-gap-default\">\n\t\t\t\t\t<div class=\"elementor-column elementor-col-100 elementor-top-column elementor-element elementor-element-9875555\" data-id=\"9875555\" data-element_type=\"column\">\n\t\t\t<div class=\"elementor-widget-wrap elementor-element-populated\">\n\t\t\t\t\t\t<div class=\"elementor-element elementor-element-302866a elementor-widget elementor-widget-text-editor\" data-id=\"302866a\" data-element_type=\"widget\" data-widget_type=\"text-editor.default\">\n\t\t\t\t<div class=\"elementor-widget-container\">\n\t\t\t\t\t\t\t<p>Vous cherchez \u00e0 traduire votre permis de conduire pour une utilisation au Canada ? J&rsquo;offre des services de traduction professionnels et certifi\u00e9s qui r\u00e9pondent aux exigences sp\u00e9cifiques des autorit\u00e9s canadiennes.<\/p><p>Comprenant l&rsquo;importance de l&rsquo;exactitude, je m&rsquo;assure que chaque d\u00e9tail de votre permis est fid\u00e8lement traduit. Mes services sont rapides, fiables et adapt\u00e9s \u00e0 vos besoins, garantissant un processus fluide que vous soyez un nouvel arrivant ou un r\u00e9sident de longue date.<\/p><p>Contactez-moi d\u00e8s aujourd&rsquo;hui pour faire traduire votre permis de conduire avec pr\u00e9cision et professionnalisme !<\/p>\t\t\t\t\t\t<\/div>\n\t\t\t\t<\/div>\n\t\t\t\t<section class=\"elementor-section elementor-inner-section elementor-element elementor-element-921016b elementor-section-boxed elementor-section-height-default elementor-section-height-default\" data-id=\"921016b\" data-element_type=\"section\">\n\t\t\t\t\t\t<div class=\"elementor-container elementor-column-gap-default\">\n\t\t\t\t\t<div class=\"elementor-column elementor-col-100 elementor-inner-column elementor-element elementor-element-96936bb\" data-id=\"96936bb\" data-element_type=\"column\">\n\t\t\t<div class=\"elementor-widget-wrap elementor-element-populated\">\n\t\t\t\t\t\t<div class=\"elementor-element elementor-element-a2247b4 elementor-widget elementor-widget-heading\" data-id=\"a2247b4\" data-element_type=\"widget\" data-widget_type=\"heading.default\">\n\t\t\t\t<div class=\"elementor-widget-container\">\n\t\t\t<h2 class=\"elementor-heading-title elementor-size-default\">Posez votre question.<br>Je vous r\u00e9pondrai dans les plus brefs d\u00e9lais.<\/h2>\t\t<\/div>\n\t\t\t\t<\/div>\n\t\t\t\t<div class=\"elementor-element elementor-element-8a365d7 elementor-widget__width-initial elementor-button-align-stretch elementor-widget elementor-widget-form\" data-id=\"8a365d7\" data-element_type=\"widget\" data-settings=\"{&quot;step_next_label&quot;:&quot;Next&quot;,&quot;step_previous_label&quot;:&quot;Previous&quot;,&quot;button_width&quot;:&quot;100&quot;,&quot;step_type&quot;:&quot;number_text&quot;,&quot;step_icon_shape&quot;:&quot;circle&quot;}\" data-widget_type=\"form.default\">\n\t\t\t\t<div class=\"elementor-widget-container\">\n\t\t\t\t\t<form class=\"elementor-form\" method=\"post\" name=\"\u0633\u0641\u0627\u0631\u0634\">\n\t\t\t<input type=\"hidden\" name=\"post_id\" value=\"3045\"\/>\n\t\t\t<input type=\"hidden\" name=\"form_id\" value=\"8a365d7\"\/>\n\t\t\t<input type=\"hidden\" name=\"referer_title\" value=\"\" \/>\n\n\t\t\t\n\t\t\t<div class=\"elementor-form-fields-wrapper elementor-labels-above\">\n\t\t\t\t\t\t\t\t<div class=\"elementor-field-type-text elementor-field-group elementor-column elementor-field-group-name elementor-col-100\">\n\t\t\t\t\t\t\t\t\t\t\t\t\t<input size=\"1\" type=\"text\" name=\"form_fields[name]\" id=\"form-field-name\" class=\"elementor-field elementor-size-sm  elementor-field-textual\" placeholder=\"Votre nom\">\n\t\t\t\t\t\t\t\t\t\t\t<\/div>\n\t\t\t\t\t\t\t\t<div class=\"elementor-field-type-email elementor-field-group elementor-column elementor-field-group-email elementor-col-100 elementor-field-required\">\n\t\t\t\t\t\t\t\t\t\t\t\t\t<input size=\"1\" type=\"email\" name=\"form_fields[email]\" id=\"form-field-email\" class=\"elementor-field elementor-size-sm  elementor-field-textual\" placeholder=\"Votre adresse courriel *\" required=\"required\" aria-required=\"true\">\n\t\t\t\t\t\t\t\t\t\t\t<\/div>\n\t\t\t\t\t\t\t\t<div class=\"elementor-field-type-textarea elementor-field-group elementor-column elementor-field-group-message elementor-col-100\">\n\t\t\t\t\t<textarea class=\"elementor-field-textual elementor-field  elementor-size-sm\" name=\"form_fields[message]\" id=\"form-field-message\" rows=\"4\" placeholder=\"Votre message\"><\/textarea>\t\t\t\t<\/div>\n\t\t\t\t\t\t\t\t<div class=\"elementor-field-type-upload elementor-field-group elementor-column elementor-field-group-field_14cbf7c elementor-col-100\">\n\t\t\t\t\t\t\t<input type=\"file\" name=\"form_fields[field_14cbf7c]\" id=\"form-field-field_14cbf7c\" class=\"elementor-field elementor-size-sm  elementor-upload-field\">\n\n\t\t\t\t\t\t<\/div>\n\t\t\t\t\t\t\t\t<div class=\"elementor-field-group elementor-column elementor-field-type-submit elementor-col-100 e-form__buttons\">\n\t\t\t\t\t<button type=\"submit\" class=\"elementor-button elementor-size-sm\">\n\t\t\t\t\t\t<span >\n\t\t\t\t\t\t\t\t\t\t\t\t\t\t\t<span class=\" elementor-button-icon\">\n\t\t\t\t\t\t\t\t\t\t\t\t\t\t\t\t\t\t\t\t\t\t\t\t\t\t<\/span>\n\t\t\t\t\t\t\t\t\t\t\t\t\t\t\t\t\t\t\t\t\t\t<span class=\"elementor-button-text\">OBTENEZ LE PRIX EXACT<\/span>\n\t\t\t\t\t\t\t\t\t\t\t\t\t<\/span>\n\t\t\t\t\t<\/button>\n\t\t\t\t<\/div>\n\t\t\t<\/div>\n\t\t<\/form>\n\t\t\t\t<\/div>\n\t\t\t\t<\/div>\n\t\t\t\t\t<\/div>\n\t\t<\/div>\n\t\t\t\t\t<\/div>\n\t\t<\/section>\n\t\t\t\t\t<\/div>\n\t\t<\/div>\n\t\t\t\t\t<\/div>\n\t\t<\/section>\n\t\t\t\t<\/div>\n\t\t","protected":false},"excerpt":{"rendered":"<p>Vous cherchez \u00e0 traduire votre permis de conduire pour une utilisation au Canada ? J&rsquo;offre des services de traduction professionnels et certifi\u00e9s qui r\u00e9pondent aux exigences sp\u00e9cifiques des autorit\u00e9s canadiennes. Comprenant l&rsquo;importance de l&rsquo;exactitude, je m&rsquo;assure que chaque d\u00e9tail de votre permis est fid\u00e8lement traduit. Mes services sont rapides, fiables et adapt\u00e9s \u00e0 vos besoins, [&hellip;]<\/p>\n","protected":false},"author":1,"featured_media":0,"parent":0,"menu_order":0,"comment_status":"closed","ping_status":"closed","template":"elementor_theme","meta":{"footnotes":""},"class_list":["post-3045","page","type-page","status-publish","hentry"],"_links":{"self":[{"href":"https:\/\/ashrafi.ca\/fr\/wp-json\/wp\/v2\/pages\/3045","targetHints":{"allow":["GET"]}}],"collection":[{"href":"https:\/\/ashrafi.ca\/fr\/wp-json\/wp\/v2\/pages"}],"about":[{"href":"https:\/\/ashrafi.ca\/fr\/wp-json\/wp\/v2\/types\/page"}],"author":[{"embeddable":true,"href":"https:\/\/ashrafi.ca\/fr\/wp-json\/wp\/v2\/users\/1"}],"replies":[{"embeddable":true,"href":"https:\/\/ashrafi.ca\/fr\/wp-json\/wp\/v2\/comments?post=3045"}],"version-history":[{"count":26,"href":"https:\/\/ashrafi.ca\/fr\/wp-json\/wp\/v2\/pages\/3045\/revisions"}],"predecessor-version":[{"id":4073,"href":"https:\/\/ashrafi.ca\/fr\/wp-json\/wp\/v2\/pages\/3045\/revisions\/4073"}],"wp:attachment":[{"href":"https:\/\/ashrafi.ca\/fr\/wp-json\/wp\/v2\/media?parent=3045"}],"curies":[{"name":"wp","href":"https:\/\/api.w.org\/{rel}","templated":true}]}}