{"id":3094,"date":"2024-06-15T15:04:03","date_gmt":"2024-06-15T11:34:03","guid":{"rendered":"https:\/\/ashrafi.ca\/other-documents\/"},"modified":"2024-10-08T18:27:43","modified_gmt":"2024-10-08T14:57:43","slug":"other-documents","status":"publish","type":"page","link":"https:\/\/ashrafi.ca\/fr\/other-documents\/","title":{"rendered":"Autres"},"content":{"rendered":"\t\t<div data-elementor-type=\"wp-page\" data-elementor-id=\"3094\" class=\"elementor elementor-3094\" data-elementor-post-type=\"page\">\n\t\t\t\t\t\t<section class=\"elementor-section elementor-top-section elementor-element elementor-element-74cd838 elementor-section-boxed elementor-section-height-default elementor-section-height-default\" data-id=\"74cd838\" data-element_type=\"section\">\n\t\t\t\t\t\t<div class=\"elementor-container elementor-column-gap-default\">\n\t\t\t\t\t<div class=\"elementor-column elementor-col-100 elementor-top-column elementor-element elementor-element-d5a1fc4\" data-id=\"d5a1fc4\" data-element_type=\"column\">\n\t\t\t<div class=\"elementor-widget-wrap elementor-element-populated\">\n\t\t\t\t\t\t<div class=\"elementor-element elementor-element-76fa71a elementor-widget elementor-widget-text-editor\" data-id=\"76fa71a\" data-element_type=\"widget\" data-widget_type=\"text-editor.default\">\n\t\t\t\t<div class=\"elementor-widget-container\">\n\t\t\t\t\t\t\t<p>Si vous avez besoin de traductions officielles ou non officielles pour des documents, des dossiers ou des textes, vous pouvez utiliser les services suivants\u00a0:<\/p><p>Services de traduction\u00a0:<\/p><p>\u2013 Traduction officielle\u00a0: pour les documents juridiques et officiels tels que les certificats, les documents juridiques, les dossiers universitaires et autres documents officiels n\u00e9cessitant une certification et le cachet d&rsquo;un traducteur.<\/p><p>\u2013 Traduction non officielle\u00a0: pour les textes g\u00e9n\u00e9raux, la correspondance, les articles et les documents informels qui ne n\u00e9cessitent pas de certification officielle.<\/p><p>Processus de demande\u00a0:<\/p><p>1. Contactez-nous\u00a0: contactez-nous pour des services de traduction. Les coordonn\u00e9es, y compris le num\u00e9ro de t\u00e9l\u00e9phone, l&rsquo;adresse e-mail et les formulaires de contact, sont disponibles sur notre site Web.<\/p><p>2. Soumettre des documents\u00a0: envoyez-nous les documents et les textes que vous souhaitez traduire. Vous pouvez les fournir sous forme num\u00e9rique (par exemple, des fichiers PDF ou Word) ou physiquement.<\/p><p>3. Consultation et \u00e9valuation\u00a0: nous examinerons vos documents et vous conseillerons sur la n\u00e9cessit\u00e9 d&rsquo;une traduction officielle ou non officielle.<\/p><p>4. Traduction et certification\u00a0: nos traducteurs experts effectueront la traduction et, si n\u00e9cessaire, fourniront une certification officielle.<\/p><p>5. Livraison des documents traduits : Une fois la traduction termin\u00e9e, nous vous livrons les documents traduits. La livraison peut \u00eatre num\u00e9rique ou physique.<\/p><p>Pour plus de d\u00e9tails ou pour d\u00e9marrer le processus, veuillez nous contacter directement.<\/p>\t\t\t\t\t\t<\/div>\n\t\t\t\t<\/div>\n\t\t\t\t<section class=\"elementor-section elementor-inner-section elementor-element elementor-element-67813c4 elementor-section-boxed elementor-section-height-default elementor-section-height-default\" data-id=\"67813c4\" data-element_type=\"section\">\n\t\t\t\t\t\t<div class=\"elementor-container elementor-column-gap-default\">\n\t\t\t\t\t<div class=\"elementor-column elementor-col-100 elementor-inner-column elementor-element elementor-element-17a4ca2\" data-id=\"17a4ca2\" data-element_type=\"column\">\n\t\t\t<div class=\"elementor-widget-wrap elementor-element-populated\">\n\t\t\t\t\t\t<div class=\"elementor-element elementor-element-0a22ccf elementor-widget elementor-widget-heading\" data-id=\"0a22ccf\" data-element_type=\"widget\" data-widget_type=\"heading.default\">\n\t\t\t\t<div class=\"elementor-widget-container\">\n\t\t\t<h2 class=\"elementor-heading-title elementor-size-default\">Posez votre question.<br>Je vous r\u00e9pondrai dans les plus brefs d\u00e9lais.<\/h2>\t\t<\/div>\n\t\t\t\t<\/div>\n\t\t\t\t<div class=\"elementor-element elementor-element-2bd8be6 elementor-widget__width-initial elementor-button-align-stretch elementor-widget elementor-widget-form\" data-id=\"2bd8be6\" data-element_type=\"widget\" data-settings=\"{&quot;step_next_label&quot;:&quot;Next&quot;,&quot;step_previous_label&quot;:&quot;Previous&quot;,&quot;button_width&quot;:&quot;100&quot;,&quot;step_type&quot;:&quot;number_text&quot;,&quot;step_icon_shape&quot;:&quot;circle&quot;}\" data-widget_type=\"form.default\">\n\t\t\t\t<div class=\"elementor-widget-container\">\n\t\t\t\t\t<form class=\"elementor-form\" method=\"post\" name=\"\u0633\u0641\u0627\u0631\u0634\">\n\t\t\t<input type=\"hidden\" name=\"post_id\" value=\"3094\"\/>\n\t\t\t<input type=\"hidden\" name=\"form_id\" value=\"2bd8be6\"\/>\n\t\t\t<input type=\"hidden\" name=\"referer_title\" value=\"\" \/>\n\n\t\t\t\n\t\t\t<div class=\"elementor-form-fields-wrapper elementor-labels-above\">\n\t\t\t\t\t\t\t\t<div class=\"elementor-field-type-text elementor-field-group elementor-column elementor-field-group-name elementor-col-100\">\n\t\t\t\t\t\t\t\t\t\t\t\t\t<input size=\"1\" type=\"text\" name=\"form_fields[name]\" id=\"form-field-name\" class=\"elementor-field elementor-size-sm  elementor-field-textual\" placeholder=\"Votre nom\">\n\t\t\t\t\t\t\t\t\t\t\t<\/div>\n\t\t\t\t\t\t\t\t<div class=\"elementor-field-type-email elementor-field-group elementor-column elementor-field-group-email elementor-col-100 elementor-field-required\">\n\t\t\t\t\t\t\t\t\t\t\t\t\t<input size=\"1\" type=\"email\" name=\"form_fields[email]\" id=\"form-field-email\" class=\"elementor-field elementor-size-sm  elementor-field-textual\" placeholder=\"Votre adresse courriel *\" required=\"required\" aria-required=\"true\">\n\t\t\t\t\t\t\t\t\t\t\t<\/div>\n\t\t\t\t\t\t\t\t<div class=\"elementor-field-type-textarea elementor-field-group elementor-column elementor-field-group-message elementor-col-100\">\n\t\t\t\t\t<textarea class=\"elementor-field-textual elementor-field  elementor-size-sm\" name=\"form_fields[message]\" id=\"form-field-message\" rows=\"4\" placeholder=\"Votre message\"><\/textarea>\t\t\t\t<\/div>\n\t\t\t\t\t\t\t\t<div class=\"elementor-field-type-upload elementor-field-group elementor-column elementor-field-group-field_14cbf7c elementor-col-100\">\n\t\t\t\t\t\t\t<input type=\"file\" name=\"form_fields[field_14cbf7c]\" id=\"form-field-field_14cbf7c\" class=\"elementor-field elementor-size-sm  elementor-upload-field\">\n\n\t\t\t\t\t\t<\/div>\n\t\t\t\t\t\t\t\t<div class=\"elementor-field-group elementor-column elementor-field-type-submit elementor-col-100 e-form__buttons\">\n\t\t\t\t\t<button type=\"submit\" class=\"elementor-button elementor-size-sm\">\n\t\t\t\t\t\t<span >\n\t\t\t\t\t\t\t\t\t\t\t\t\t\t\t<span class=\" elementor-button-icon\">\n\t\t\t\t\t\t\t\t\t\t\t\t\t\t\t\t\t\t\t\t\t\t\t\t\t\t<\/span>\n\t\t\t\t\t\t\t\t\t\t\t\t\t\t\t\t\t\t\t\t\t\t<span class=\"elementor-button-text\">OBTENEZ LE PRIX EXACT<\/span>\n\t\t\t\t\t\t\t\t\t\t\t\t\t<\/span>\n\t\t\t\t\t<\/button>\n\t\t\t\t<\/div>\n\t\t\t<\/div>\n\t\t<\/form>\n\t\t\t\t<\/div>\n\t\t\t\t<\/div>\n\t\t\t\t\t<\/div>\n\t\t<\/div>\n\t\t\t\t\t<\/div>\n\t\t<\/section>\n\t\t\t\t\t<\/div>\n\t\t<\/div>\n\t\t\t\t\t<\/div>\n\t\t<\/section>\n\t\t\t\t<\/div>\n\t\t","protected":false},"excerpt":{"rendered":"<p>Si vous avez besoin de traductions officielles ou non officielles pour des documents, des dossiers ou des textes, vous pouvez utiliser les services suivants\u00a0: Services de traduction\u00a0: \u2013 Traduction officielle\u00a0: pour les documents juridiques et officiels tels que les certificats, les documents juridiques, les dossiers universitaires et autres documents officiels n\u00e9cessitant une certification et le [&hellip;]<\/p>\n","protected":false},"author":1,"featured_media":0,"parent":0,"menu_order":0,"comment_status":"closed","ping_status":"closed","template":"elementor_theme","meta":{"footnotes":""},"class_list":["post-3094","page","type-page","status-publish","hentry"],"_links":{"self":[{"href":"https:\/\/ashrafi.ca\/fr\/wp-json\/wp\/v2\/pages\/3094","targetHints":{"allow":["GET"]}}],"collection":[{"href":"https:\/\/ashrafi.ca\/fr\/wp-json\/wp\/v2\/pages"}],"about":[{"href":"https:\/\/ashrafi.ca\/fr\/wp-json\/wp\/v2\/types\/page"}],"author":[{"embeddable":true,"href":"https:\/\/ashrafi.ca\/fr\/wp-json\/wp\/v2\/users\/1"}],"replies":[{"embeddable":true,"href":"https:\/\/ashrafi.ca\/fr\/wp-json\/wp\/v2\/comments?post=3094"}],"version-history":[{"count":22,"href":"https:\/\/ashrafi.ca\/fr\/wp-json\/wp\/v2\/pages\/3094\/revisions"}],"predecessor-version":[{"id":3901,"href":"https:\/\/ashrafi.ca\/fr\/wp-json\/wp\/v2\/pages\/3094\/revisions\/3901"}],"wp:attachment":[{"href":"https:\/\/ashrafi.ca\/fr\/wp-json\/wp\/v2\/media?parent=3094"}],"curies":[{"name":"wp","href":"https:\/\/api.w.org\/{rel}","templated":true}]}}