{"id":3104,"date":"2024-06-14T14:24:51","date_gmt":"2024-06-14T10:54:51","guid":{"rendered":"https:\/\/ashrafi.ca\/degrees\/"},"modified":"2024-12-24T23:39:59","modified_gmt":"2024-12-24T20:09:59","slug":"academic-institutions","status":"publish","type":"page","link":"https:\/\/ashrafi.ca\/fr\/academic-institutions\/","title":{"rendered":"Institutions acad\u00e9miques"},"content":{"rendered":"\t\t<div data-elementor-type=\"wp-page\" data-elementor-id=\"3104\" class=\"elementor elementor-3104\" data-elementor-post-type=\"page\">\n\t\t\t\t\t\t<section class=\"elementor-section elementor-top-section elementor-element elementor-element-c69c8fb elementor-section-boxed elementor-section-height-default elementor-section-height-default\" data-id=\"c69c8fb\" data-element_type=\"section\">\n\t\t\t\t\t\t<div class=\"elementor-container elementor-column-gap-default\">\n\t\t\t\t\t<div class=\"elementor-column elementor-col-100 elementor-top-column elementor-element elementor-element-accf0d4\" data-id=\"accf0d4\" data-element_type=\"column\">\n\t\t\t<div class=\"elementor-widget-wrap elementor-element-populated\">\n\t\t\t\t\t\t<div class=\"elementor-element elementor-element-c570775 elementor-widget elementor-widget-text-editor\" data-id=\"c570775\" data-element_type=\"widget\" data-widget_type=\"text-editor.default\">\n\t\t\t\t<div class=\"elementor-widget-container\">\n\t\t\t\t\t\t\t<p>La traduction officielle de documents acad\u00e9miques consiste \u00e0 convertir vos dossiers scolaires dans une autre langue pour un usage certifi\u00e9 et l\u00e9gal, comme les admissions universitaires, l&rsquo;immigration ou l&#8217;emploi \u00e0 l&rsquo;\u00e9tranger.<\/p><p>Documents acad\u00e9miques :<br \/>&#8211; Dipl\u00f4mes : Certificats confirmant votre dipl\u00f4me.<br \/>&#8211; Relev\u00e9s de notes : Dossiers de vos performances acad\u00e9miques.<br \/>&#8211; Certificats : Documents li\u00e9s \u00e0 des qualifications sp\u00e9cifiques.<\/p><p>Objectif des traductions : Les traductions officielles sont essentielles pour postuler \u00e0 des universit\u00e9s \u00e9trang\u00e8res, demander un visa et se pr\u00e9senter \u00e0 des employeurs internationaux. Elles doivent respecter les directives en vigueur pour garantir leur acceptation.<\/p><p>En tant que traductrice agr\u00e9\u00e9e, j&rsquo;offre des services d&rsquo;expertise pour dipl\u00f4mes, relev\u00e9s de notes, certificats et autres dossiers \u00e9ducatifs. Faites-moi confiance pour fournir des traductions pr\u00e9cises et fiables conformes aux normes officielles. Contactez-moi d\u00e8s aujourd&rsquo;hui pour commencer !<\/p>\t\t\t\t\t\t<\/div>\n\t\t\t\t<\/div>\n\t\t\t\t<section class=\"elementor-section elementor-inner-section elementor-element elementor-element-d615f1d elementor-section-boxed elementor-section-height-default elementor-section-height-default\" data-id=\"d615f1d\" data-element_type=\"section\">\n\t\t\t\t\t\t<div class=\"elementor-container elementor-column-gap-default\">\n\t\t\t\t\t<div class=\"elementor-column elementor-col-100 elementor-inner-column elementor-element elementor-element-1366bf3\" data-id=\"1366bf3\" data-element_type=\"column\">\n\t\t\t<div class=\"elementor-widget-wrap elementor-element-populated\">\n\t\t\t\t\t\t<div class=\"elementor-element elementor-element-c9540c1 elementor-widget elementor-widget-heading\" data-id=\"c9540c1\" data-element_type=\"widget\" data-widget_type=\"heading.default\">\n\t\t\t\t<div class=\"elementor-widget-container\">\n\t\t\t<h2 class=\"elementor-heading-title elementor-size-default\">Posez votre question.<br>Je vous r\u00e9pondrai dans les plus brefs d\u00e9lais.<\/h2>\t\t<\/div>\n\t\t\t\t<\/div>\n\t\t\t\t<div class=\"elementor-element elementor-element-0ec613a elementor-widget__width-initial elementor-button-align-stretch elementor-widget elementor-widget-form\" data-id=\"0ec613a\" data-element_type=\"widget\" data-settings=\"{&quot;step_next_label&quot;:&quot;Next&quot;,&quot;step_previous_label&quot;:&quot;Previous&quot;,&quot;button_width&quot;:&quot;100&quot;,&quot;step_type&quot;:&quot;number_text&quot;,&quot;step_icon_shape&quot;:&quot;circle&quot;}\" data-widget_type=\"form.default\">\n\t\t\t\t<div class=\"elementor-widget-container\">\n\t\t\t\t\t<form class=\"elementor-form\" method=\"post\" name=\"\u0633\u0641\u0627\u0631\u0634\">\n\t\t\t<input type=\"hidden\" name=\"post_id\" value=\"3104\"\/>\n\t\t\t<input type=\"hidden\" name=\"form_id\" value=\"0ec613a\"\/>\n\t\t\t<input type=\"hidden\" name=\"referer_title\" value=\"\" \/>\n\n\t\t\t\n\t\t\t<div class=\"elementor-form-fields-wrapper elementor-labels-above\">\n\t\t\t\t\t\t\t\t<div class=\"elementor-field-type-text elementor-field-group elementor-column elementor-field-group-name elementor-col-100\">\n\t\t\t\t\t\t\t\t\t\t\t\t\t<input size=\"1\" type=\"text\" name=\"form_fields[name]\" id=\"form-field-name\" class=\"elementor-field elementor-size-sm  elementor-field-textual\" placeholder=\"Votre nom\">\n\t\t\t\t\t\t\t\t\t\t\t<\/div>\n\t\t\t\t\t\t\t\t<div class=\"elementor-field-type-email elementor-field-group elementor-column elementor-field-group-email elementor-col-100 elementor-field-required\">\n\t\t\t\t\t\t\t\t\t\t\t\t\t<input size=\"1\" type=\"email\" name=\"form_fields[email]\" id=\"form-field-email\" class=\"elementor-field elementor-size-sm  elementor-field-textual\" placeholder=\"Votre adresse courriel *\" required=\"required\" aria-required=\"true\">\n\t\t\t\t\t\t\t\t\t\t\t<\/div>\n\t\t\t\t\t\t\t\t<div class=\"elementor-field-type-textarea elementor-field-group elementor-column elementor-field-group-message elementor-col-100\">\n\t\t\t\t\t<textarea class=\"elementor-field-textual elementor-field  elementor-size-sm\" name=\"form_fields[message]\" id=\"form-field-message\" rows=\"4\" placeholder=\"Votre message\"><\/textarea>\t\t\t\t<\/div>\n\t\t\t\t\t\t\t\t<div class=\"elementor-field-type-upload elementor-field-group elementor-column elementor-field-group-field_14cbf7c elementor-col-100\">\n\t\t\t\t\t\t\t<input type=\"file\" name=\"form_fields[field_14cbf7c]\" id=\"form-field-field_14cbf7c\" class=\"elementor-field elementor-size-sm  elementor-upload-field\">\n\n\t\t\t\t\t\t<\/div>\n\t\t\t\t\t\t\t\t<div class=\"elementor-field-group elementor-column elementor-field-type-submit elementor-col-100 e-form__buttons\">\n\t\t\t\t\t<button type=\"submit\" class=\"elementor-button elementor-size-sm\">\n\t\t\t\t\t\t<span >\n\t\t\t\t\t\t\t\t\t\t\t\t\t\t\t<span class=\" elementor-button-icon\">\n\t\t\t\t\t\t\t\t\t\t\t\t\t\t\t\t\t\t\t\t\t\t\t\t\t\t<\/span>\n\t\t\t\t\t\t\t\t\t\t\t\t\t\t\t\t\t\t\t\t\t\t<span class=\"elementor-button-text\">OBTENEZ LE PRIX EXACT<\/span>\n\t\t\t\t\t\t\t\t\t\t\t\t\t<\/span>\n\t\t\t\t\t<\/button>\n\t\t\t\t<\/div>\n\t\t\t<\/div>\n\t\t<\/form>\n\t\t\t\t<\/div>\n\t\t\t\t<\/div>\n\t\t\t\t\t<\/div>\n\t\t<\/div>\n\t\t\t\t\t<\/div>\n\t\t<\/section>\n\t\t\t\t\t<\/div>\n\t\t<\/div>\n\t\t\t\t\t<\/div>\n\t\t<\/section>\n\t\t\t\t<\/div>\n\t\t","protected":false},"excerpt":{"rendered":"<p>La traduction officielle de documents acad\u00e9miques consiste \u00e0 convertir vos dossiers scolaires dans une autre langue pour un usage certifi\u00e9 et l\u00e9gal, comme les admissions universitaires, l&rsquo;immigration ou l&#8217;emploi \u00e0 l&rsquo;\u00e9tranger. Documents acad\u00e9miques :&#8211; Dipl\u00f4mes : Certificats confirmant votre dipl\u00f4me.&#8211; Relev\u00e9s de notes : Dossiers de vos performances acad\u00e9miques.&#8211; Certificats : Documents li\u00e9s \u00e0 des [&hellip;]<\/p>\n","protected":false},"author":1,"featured_media":0,"parent":0,"menu_order":0,"comment_status":"closed","ping_status":"closed","template":"elementor_theme","meta":{"footnotes":""},"class_list":["post-3104","page","type-page","status-publish","hentry"],"_links":{"self":[{"href":"https:\/\/ashrafi.ca\/fr\/wp-json\/wp\/v2\/pages\/3104","targetHints":{"allow":["GET"]}}],"collection":[{"href":"https:\/\/ashrafi.ca\/fr\/wp-json\/wp\/v2\/pages"}],"about":[{"href":"https:\/\/ashrafi.ca\/fr\/wp-json\/wp\/v2\/types\/page"}],"author":[{"embeddable":true,"href":"https:\/\/ashrafi.ca\/fr\/wp-json\/wp\/v2\/users\/1"}],"replies":[{"embeddable":true,"href":"https:\/\/ashrafi.ca\/fr\/wp-json\/wp\/v2\/comments?post=3104"}],"version-history":[{"count":28,"href":"https:\/\/ashrafi.ca\/fr\/wp-json\/wp\/v2\/pages\/3104\/revisions"}],"predecessor-version":[{"id":4076,"href":"https:\/\/ashrafi.ca\/fr\/wp-json\/wp\/v2\/pages\/3104\/revisions\/4076"}],"wp:attachment":[{"href":"https:\/\/ashrafi.ca\/fr\/wp-json\/wp\/v2\/media?parent=3104"}],"curies":[{"name":"wp","href":"https:\/\/api.w.org\/{rel}","templated":true}]}}