{"id":3114,"date":"2024-06-10T11:20:10","date_gmt":"2024-06-10T07:50:10","guid":{"rendered":"https:\/\/ashrafi.ca\/immigration\/"},"modified":"2024-12-24T23:38:28","modified_gmt":"2024-12-24T20:08:28","slug":"immigration","status":"publish","type":"page","link":"https:\/\/ashrafi.ca\/fr\/immigration\/","title":{"rendered":"Immigration"},"content":{"rendered":"\t\t<div data-elementor-type=\"wp-page\" data-elementor-id=\"3114\" class=\"elementor elementor-3114\" data-elementor-post-type=\"page\">\n\t\t\t\t\t\t<section class=\"elementor-section elementor-top-section elementor-element elementor-element-5ec3f989 elementor-section-boxed elementor-section-height-default elementor-section-height-default\" data-id=\"5ec3f989\" data-element_type=\"section\">\n\t\t\t\t\t\t<div class=\"elementor-container elementor-column-gap-default\">\n\t\t\t\t\t<div class=\"elementor-column elementor-col-100 elementor-top-column elementor-element elementor-element-2bae9483\" data-id=\"2bae9483\" data-element_type=\"column\">\n\t\t\t<div class=\"elementor-widget-wrap elementor-element-populated\">\n\t\t\t\t\t\t<div class=\"elementor-element elementor-element-398e6800 elementor-widget__width-initial elementor-widget elementor-widget-text-editor\" data-id=\"398e6800\" data-element_type=\"widget\" data-widget_type=\"text-editor.default\">\n\t\t\t\t<div class=\"elementor-widget-container\">\n\t\t\t\t\t\t\t<p>Pour soumettre une demande aux autorit\u00e9s d&rsquo;immigration et participer aux programmes d&rsquo;immigration f\u00e9d\u00e9raux et provinciaux pour demander la r\u00e9sidence et la citoyennet\u00e9 au Canada, il est n\u00e9cessaire de faire traduire officiellement tous les documents d&rsquo;identification. Ces documents peuvent inclure, sans s&rsquo;y limiter, les certificats de naissance, les passeports, les cartes d&rsquo;identit\u00e9 nationales et tout autre document li\u00e9 \u00e0 l&rsquo;identit\u00e9.<\/p><p>En tant que traductrice agr\u00e9\u00e9e, je vous offre des services de traduction conformes aux exigences des autorit\u00e9s canadiennes, garantissant pr\u00e9cision et acceptation de vos documents. Simplifiez votre processus d\u2019immigration avec des traductions fiables et professionnelles.<\/p><p>Contactez-moi d\u00e8s aujourd\u2019hui pour plus d\u2019informations ou pour obtenir un devis personnalis\u00e9.<\/p>\t\t\t\t\t\t<\/div>\n\t\t\t\t<\/div>\n\t\t\t\t<section class=\"elementor-section elementor-inner-section elementor-element elementor-element-c60ab5e elementor-section-boxed elementor-section-height-default elementor-section-height-default\" data-id=\"c60ab5e\" data-element_type=\"section\">\n\t\t\t\t\t\t<div class=\"elementor-container elementor-column-gap-default\">\n\t\t\t\t\t<div class=\"elementor-column elementor-col-100 elementor-inner-column elementor-element elementor-element-0df585b\" data-id=\"0df585b\" data-element_type=\"column\">\n\t\t\t<div class=\"elementor-widget-wrap elementor-element-populated\">\n\t\t\t\t\t\t<div class=\"elementor-element elementor-element-9f02faa elementor-widget elementor-widget-heading\" data-id=\"9f02faa\" data-element_type=\"widget\" data-widget_type=\"heading.default\">\n\t\t\t\t<div class=\"elementor-widget-container\">\n\t\t\t<h2 class=\"elementor-heading-title elementor-size-default\">Posez votre question.<br>Je vous r\u00e9pondrai dans les plus brefs d\u00e9lais.<\/h2>\t\t<\/div>\n\t\t\t\t<\/div>\n\t\t\t\t<div class=\"elementor-element elementor-element-5f3cb39 elementor-widget__width-initial elementor-button-align-stretch elementor-widget elementor-widget-form\" data-id=\"5f3cb39\" data-element_type=\"widget\" data-settings=\"{&quot;step_next_label&quot;:&quot;Next&quot;,&quot;step_previous_label&quot;:&quot;Previous&quot;,&quot;button_width&quot;:&quot;100&quot;,&quot;step_type&quot;:&quot;number_text&quot;,&quot;step_icon_shape&quot;:&quot;circle&quot;}\" data-widget_type=\"form.default\">\n\t\t\t\t<div class=\"elementor-widget-container\">\n\t\t\t\t\t<form class=\"elementor-form\" method=\"post\" name=\"\u0633\u0641\u0627\u0631\u0634\">\n\t\t\t<input type=\"hidden\" name=\"post_id\" value=\"3114\"\/>\n\t\t\t<input type=\"hidden\" name=\"form_id\" value=\"5f3cb39\"\/>\n\t\t\t<input type=\"hidden\" name=\"referer_title\" value=\"\" \/>\n\n\t\t\t\n\t\t\t<div class=\"elementor-form-fields-wrapper elementor-labels-above\">\n\t\t\t\t\t\t\t\t<div class=\"elementor-field-type-text elementor-field-group elementor-column elementor-field-group-name elementor-col-100\">\n\t\t\t\t\t\t\t\t\t\t\t\t\t<input size=\"1\" type=\"text\" name=\"form_fields[name]\" id=\"form-field-name\" class=\"elementor-field elementor-size-sm  elementor-field-textual\" placeholder=\"Votre nom\">\n\t\t\t\t\t\t\t\t\t\t\t<\/div>\n\t\t\t\t\t\t\t\t<div class=\"elementor-field-type-email elementor-field-group elementor-column elementor-field-group-email elementor-col-100 elementor-field-required\">\n\t\t\t\t\t\t\t\t\t\t\t\t\t<input size=\"1\" type=\"email\" name=\"form_fields[email]\" id=\"form-field-email\" class=\"elementor-field elementor-size-sm  elementor-field-textual\" placeholder=\"Votre adresse courriel *\" required=\"required\" aria-required=\"true\">\n\t\t\t\t\t\t\t\t\t\t\t<\/div>\n\t\t\t\t\t\t\t\t<div class=\"elementor-field-type-textarea elementor-field-group elementor-column elementor-field-group-message elementor-col-100\">\n\t\t\t\t\t<textarea class=\"elementor-field-textual elementor-field  elementor-size-sm\" name=\"form_fields[message]\" id=\"form-field-message\" rows=\"4\" placeholder=\"Votre message\"><\/textarea>\t\t\t\t<\/div>\n\t\t\t\t\t\t\t\t<div class=\"elementor-field-type-upload elementor-field-group elementor-column elementor-field-group-field_14cbf7c elementor-col-100\">\n\t\t\t\t\t\t\t<input type=\"file\" name=\"form_fields[field_14cbf7c]\" id=\"form-field-field_14cbf7c\" class=\"elementor-field elementor-size-sm  elementor-upload-field\">\n\n\t\t\t\t\t\t<\/div>\n\t\t\t\t\t\t\t\t<div class=\"elementor-field-group elementor-column elementor-field-type-submit elementor-col-100 e-form__buttons\">\n\t\t\t\t\t<button type=\"submit\" class=\"elementor-button elementor-size-sm\">\n\t\t\t\t\t\t<span >\n\t\t\t\t\t\t\t\t\t\t\t\t\t\t\t<span class=\" elementor-button-icon\">\n\t\t\t\t\t\t\t\t\t\t\t\t\t\t\t\t\t\t\t\t\t\t\t\t\t\t<\/span>\n\t\t\t\t\t\t\t\t\t\t\t\t\t\t\t\t\t\t\t\t\t\t<span class=\"elementor-button-text\">OBTENEZ LE PRIX EXACT<\/span>\n\t\t\t\t\t\t\t\t\t\t\t\t\t<\/span>\n\t\t\t\t\t<\/button>\n\t\t\t\t<\/div>\n\t\t\t<\/div>\n\t\t<\/form>\n\t\t\t\t<\/div>\n\t\t\t\t<\/div>\n\t\t\t\t\t<\/div>\n\t\t<\/div>\n\t\t\t\t\t<\/div>\n\t\t<\/section>\n\t\t\t\t\t<\/div>\n\t\t<\/div>\n\t\t\t\t\t<\/div>\n\t\t<\/section>\n\t\t\t\t<\/div>\n\t\t","protected":false},"excerpt":{"rendered":"<p>Pour soumettre une demande aux autorit\u00e9s d&rsquo;immigration et participer aux programmes d&rsquo;immigration f\u00e9d\u00e9raux et provinciaux pour demander la r\u00e9sidence et la citoyennet\u00e9 au Canada, il est n\u00e9cessaire de faire traduire officiellement tous les documents d&rsquo;identification. Ces documents peuvent inclure, sans s&rsquo;y limiter, les certificats de naissance, les passeports, les cartes d&rsquo;identit\u00e9 nationales et tout autre [&hellip;]<\/p>\n","protected":false},"author":1,"featured_media":0,"parent":0,"menu_order":0,"comment_status":"closed","ping_status":"closed","template":"elementor_theme","meta":{"footnotes":""},"class_list":["post-3114","page","type-page","status-publish","hentry"],"_links":{"self":[{"href":"https:\/\/ashrafi.ca\/fr\/wp-json\/wp\/v2\/pages\/3114","targetHints":{"allow":["GET"]}}],"collection":[{"href":"https:\/\/ashrafi.ca\/fr\/wp-json\/wp\/v2\/pages"}],"about":[{"href":"https:\/\/ashrafi.ca\/fr\/wp-json\/wp\/v2\/types\/page"}],"author":[{"embeddable":true,"href":"https:\/\/ashrafi.ca\/fr\/wp-json\/wp\/v2\/users\/1"}],"replies":[{"embeddable":true,"href":"https:\/\/ashrafi.ca\/fr\/wp-json\/wp\/v2\/comments?post=3114"}],"version-history":[{"count":31,"href":"https:\/\/ashrafi.ca\/fr\/wp-json\/wp\/v2\/pages\/3114\/revisions"}],"predecessor-version":[{"id":4070,"href":"https:\/\/ashrafi.ca\/fr\/wp-json\/wp\/v2\/pages\/3114\/revisions\/4070"}],"wp:attachment":[{"href":"https:\/\/ashrafi.ca\/fr\/wp-json\/wp\/v2\/media?parent=3114"}],"curies":[{"name":"wp","href":"https:\/\/api.w.org\/{rel}","templated":true}]}}